{"id":3658,"date":"2024-12-05T17:17:43","date_gmt":"2024-12-05T16:17:43","guid":{"rendered":"https:\/\/malymajerpodlesok.sk\/o-nas\/"},"modified":"2025-01-27T16:26:23","modified_gmt":"2025-01-27T15:26:23","slug":"about","status":"publish","type":"page","link":"https:\/\/malymajerpodlesok.sk\/en\/about\/","title":{"rendered":"About"},"content":{"rendered":"\t\t<div data-elementor-type=\"wp-page\" data-elementor-id=\"3658\" class=\"elementor elementor-3658 elementor-20\" data-elementor-post-type=\"page\">\n\t\t\t\t<div class=\"elementor-element elementor-element-b9ff2e1 e-flex e-con-boxed e-con e-parent\" data-id=\"b9ff2e1\" data-element_type=\"container\" data-e-type=\"container\" data-settings=\"{&quot;background_background&quot;:&quot;classic&quot;,&quot;shape_divider_bottom&quot;:&quot;book&quot;}\">\n\t\t\t\t\t<div class=\"e-con-inner\">\n\t\t\t\t<div class=\"elementor-shape elementor-shape-bottom\" aria-hidden=\"true\" data-negative=\"false\">\n\t\t\t<svg xmlns=\"http:\/\/www.w3.org\/2000\/svg\" viewBox=\"0 0 1000 100\" preserveAspectRatio=\"none\">\n\t<path class=\"elementor-shape-fill\" d=\"M194,99c186.7,0.7,305-78.3,306-97.2c1,18.9,119.3,97.9,306,97.2c114.3-0.3,194,0.3,194,0.3s0-91.7,0-100c0,0,0,0,0-0 L0,0v99.3C0,99.3,79.7,98.7,194,99z\"\/>\n<\/svg>\t\t<\/div>\n\t\t<div class=\"elementor-element elementor-element-712ff74 e-con-full e-flex e-con e-child\" data-id=\"712ff74\" data-element_type=\"container\" data-e-type=\"container\">\n\t\t\t\t<div class=\"elementor-element elementor-element-50af253 elementor-widget elementor-widget-heading\" data-id=\"50af253\" data-element_type=\"widget\" data-e-type=\"widget\" data-widget_type=\"heading.default\">\n\t\t\t\t<div class=\"elementor-widget-container\">\n\t\t\t\t\t<h1 class=\"elementor-heading-title elementor-size-default\">About Mal\u00fd Majer <\/h1>\t\t\t\t<\/div>\n\t\t\t\t<\/div>\n\t\t\t\t<div class=\"elementor-element elementor-element-e202ed8 elementor-align-center elementor-widget elementor-widget-button\" data-id=\"e202ed8\" data-element_type=\"widget\" data-e-type=\"widget\" data-widget_type=\"button.default\">\n\t\t\t\t<div class=\"elementor-widget-container\">\n\t\t\t\t\t\t\t\t\t<div class=\"elementor-button-wrapper\">\n\t\t\t\t\t<a class=\"elementor-button elementor-button-link elementor-size-sm\" href=\"\/en\/booking\/\">\n\t\t\t\t\t\t<span class=\"elementor-button-content-wrapper\">\n\t\t\t\t\t\t\t\t\t<span class=\"elementor-button-text\">Book your stay<\/span>\n\t\t\t\t\t<\/span>\n\t\t\t\t\t<\/a>\n\t\t\t\t<\/div>\n\t\t\t\t\t\t\t\t<\/div>\n\t\t\t\t<\/div>\n\t\t\t\t<\/div>\n\t\t\t\t\t<\/div>\n\t\t\t\t<\/div>\n\t\t<div class=\"elementor-element elementor-element-2f7c10b e-flex e-con-boxed e-con e-parent\" data-id=\"2f7c10b\" data-element_type=\"container\" data-e-type=\"container\">\n\t\t\t\t\t<div class=\"e-con-inner\">\n\t\t<div class=\"elementor-element elementor-element-db3a627 e-con-full e-flex e-con e-child\" data-id=\"db3a627\" data-element_type=\"container\" data-e-type=\"container\">\n\t\t\t\t<div class=\"elementor-element elementor-element-331dc3b elementor-widget elementor-widget-heading\" data-id=\"331dc3b\" data-element_type=\"widget\" data-e-type=\"widget\" data-widget_type=\"heading.default\">\n\t\t\t\t<div class=\"elementor-widget-container\">\n\t\t\t\t\t<h2 class=\"elementor-heading-title elementor-size-default\">We are a country estate\n<\/h2>\t\t\t\t<\/div>\n\t\t\t\t<\/div>\n\t\t\t\t<div class=\"elementor-element elementor-element-209793d elementor-widget elementor-widget-text-editor\" data-id=\"209793d\" data-element_type=\"widget\" data-e-type=\"widget\" data-widget_type=\"text-editor.default\">\n\t\t\t\t<div class=\"elementor-widget-container\">\n\t\t\t\t\t\t\t\t\t<p>Let&#8217;s not pursue meaningless luxury. We want to create a relaxing atmosphere for our guests in the heart of nature. You will feel it the most when you sit on the front porch of the chalet in the evening and watch the sun set behind the majestic peaks of the High Tatras.<\/p><p>This feeling, which we also call <strong><em>God&#8217;s peace<\/em><\/strong>, is priceless.<\/p>\t\t\t\t\t\t\t\t<\/div>\n\t\t\t\t<\/div>\n\t\t\t\t<div class=\"elementor-element elementor-element-aaffcc0 elementor-widget elementor-widget-heading\" data-id=\"aaffcc0\" data-element_type=\"widget\" data-e-type=\"widget\" data-widget_type=\"heading.default\">\n\t\t\t\t<div class=\"elementor-widget-container\">\n\t\t\t\t\t<h2 class=\"elementor-heading-title elementor-size-default\">We are a family business\n<\/h2>\t\t\t\t<\/div>\n\t\t\t\t<\/div>\n\t\t\t\t<div class=\"elementor-element elementor-element-eb2edfd elementor-widget elementor-widget-text-editor\" data-id=\"eb2edfd\" data-element_type=\"widget\" data-e-type=\"widget\" data-widget_type=\"text-editor.default\">\n\t\t\t\t<div class=\"elementor-widget-container\">\n\t\t\t\t\t\t\t\t\t<p>I became an entrepreneur many years ago. For me, it has never been about duty, but about freedom and choice. Today my whole family is in the hotel business. Whatever we embark on, we do with enthusiasm and love. Our family-run Pension Mal\u00fd Majer Podlesok\u00ae is no exception.<\/p>\t\t\t\t\t\t\t\t<\/div>\n\t\t\t\t<\/div>\n\t\t\t\t<div class=\"elementor-element elementor-element-25f0c9c elementor-widget elementor-widget-text-editor\" data-id=\"25f0c9c\" data-element_type=\"widget\" data-e-type=\"widget\" data-widget_type=\"text-editor.default\">\n\t\t\t\t<div class=\"elementor-widget-container\">\n\t\t\t\t\t\t\t\t\t<p>Near the village of Hrabu\u0161ice, in the Podlesok recreational area, we have built a cozy country estate, surrounded by pastures, beautiful nature and ravines of the Slovak Paradise National Park.<\/p>\t\t\t\t\t\t\t\t<\/div>\n\t\t\t\t<\/div>\n\t\t\t\t<div class=\"elementor-element elementor-element-583202d elementor-widget elementor-widget-text-editor\" data-id=\"583202d\" data-element_type=\"widget\" data-e-type=\"widget\" data-widget_type=\"text-editor.default\">\n\t\t\t\t<div class=\"elementor-widget-container\">\n\t\t\t\t\t\t\t\t\t<p>My daughter Lenka is an excellent cook and takes care of the Rumanka Restaurant with devotion, which is located right in Podlesok, just a few minutes walk from Mal\u00fd Majer. Hundreds of tourists taste her delicious dishes every day.<\/p><p>No matter how you spend your day &#8211; at Restaurant Rumanka you will always find friendly and helpful staff and homemade dishes that remind you of our mothers&#8217; cuisine.<\/p>\t\t\t\t\t\t\t\t<\/div>\n\t\t\t\t<\/div>\n\t\t\t\t<div class=\"elementor-element elementor-element-b111c54 elementor-widget elementor-widget-text-editor\" data-id=\"b111c54\" data-element_type=\"widget\" data-e-type=\"widget\" data-widget_type=\"text-editor.default\">\n\t\t\t\t<div class=\"elementor-widget-container\">\n\t\t\t\t\t\t\t\t\t<p>Gradually, our area has expanded to include the Sala\u0161, which is a faithful replica of the original 19th-century building. The Sala\u0161 is built using the original technology of spruce wood and every visitor is captivated by the precise details, carving ornaments and period fittings&#8230; such craftsmanship is hard to see today. The chalet is a popular place for an evening barbecue in a closed company with a view of the panorama of the High Tatras.<\/p>\t\t\t\t\t\t\t\t<\/div>\n\t\t\t\t<\/div>\n\t\t\t\t<div class=\"elementor-element elementor-element-d116e00 elementor-widget elementor-widget-heading\" data-id=\"d116e00\" data-element_type=\"widget\" data-e-type=\"widget\" data-widget_type=\"heading.default\">\n\t\t\t\t<div class=\"elementor-widget-container\">\n\t\t\t\t\t<h2 class=\"elementor-heading-title elementor-size-default\">We are flying enthusiasts\n<\/h2>\t\t\t\t<\/div>\n\t\t\t\t<\/div>\n\t\t\t\t<div class=\"elementor-element elementor-element-7273364 elementor-widget elementor-widget-text-editor\" data-id=\"7273364\" data-element_type=\"widget\" data-e-type=\"widget\" data-widget_type=\"text-editor.default\">\n\t\t\t\t<div class=\"elementor-widget-container\">\n\t\t\t\t\t\t\t\t\t<p>As the years go by, we put our busy lives aside and look at things with a different perspective, through different values. We value time with our family more, we start to seek peace and often pick up hobbies that we somehow didn&#8217;t have time for before&#8230;<\/p><p>Personally, I&#8217;ve taken up more cycling and flying. I built a special airfield Hrabu\u0161ice &#8211; Podlesok LZ HR in the area of Mal\u00fd Majer for recreational flying enthusiasts. It is one of three special airports in Slovakia, designed for sport and recreational flying.<\/p><p>The airfield is also an interesting transport option for visitors of the Slovak Paradise. Today it is used by pilots and crews from various countries, especially from the Czech Republic, Poland, Hungary and Slovakia. It offers spectacular views of the Slovak Paradise, especially during morning flights at sunrise over the High Tatras and Kralova Hora.<\/p>\t\t\t\t\t\t\t\t<\/div>\n\t\t\t\t<\/div>\n\t\t\t\t<div class=\"elementor-element elementor-element-22ec49f elementor-widget-divider--view-line elementor-widget elementor-widget-divider\" data-id=\"22ec49f\" data-element_type=\"widget\" data-e-type=\"widget\" data-widget_type=\"divider.default\">\n\t\t\t\t<div class=\"elementor-widget-container\">\n\t\t\t\t\t\t\t<div class=\"elementor-divider\">\n\t\t\t<span class=\"elementor-divider-separator\">\n\t\t\t\t\t\t<\/span>\n\t\t<\/div>\n\t\t\t\t\t\t<\/div>\n\t\t\t\t<\/div>\n\t\t\t\t<div class=\"elementor-element elementor-element-ce87b59 elementor-widget elementor-widget-text-editor\" data-id=\"ce87b59\" data-element_type=\"widget\" data-e-type=\"widget\" data-widget_type=\"text-editor.default\">\n\t\t\t\t<div class=\"elementor-widget-container\">\n\t\t\t\t\t\t\t\t\t<p>Visit the Mal\u00fd Majer Podlesok\u00ae guesthouse and let us share our passions, hospitality and all the beauty of the Spi\u0161 region.<\/p><p><em><strong>\u0160tefan Labuda and his wife<\/strong><br \/>owners of the Mal\u00fd Majer Podlesok\u00ae guesthouse.<br \/><\/em><\/p>\t\t\t\t\t\t\t\t<\/div>\n\t\t\t\t<\/div>\n\t\t\t\t<\/div>\n\t\t\t\t\t<\/div>\n\t\t\t\t<\/div>\n\t\t\t\t<\/div>\n\t\t","protected":false},"excerpt":{"rendered":"<p>About Mal\u00fd Majer Book your stay We are a country estate Let&#8217;s not pursue meaningless luxury. We want to create a relaxing atmosphere for our guests in the heart of nature. You will feel it the most when you sit on the front porch of the chalet in the evening and watch the sun set [&hellip;]<\/p>\n","protected":false},"author":1,"featured_media":3659,"parent":0,"menu_order":0,"comment_status":"closed","ping_status":"closed","template":"elementor_header_footer","meta":{"_acf_changed":false,"footnotes":""},"class_list":["post-3658","page","type-page","status-publish","has-post-thumbnail","hentry"],"acf":[],"yoast_head":"<!-- This site is optimized with the Yoast SEO plugin v26.9 - https:\/\/yoast.com\/product\/yoast-seo-wordpress\/ -->\n<title>O n\u00e1s - Rodinn\u00fd penzi\u00f3n Mal\u00fd Majer Podlesok \u00ae Hrabu\u0161ice<\/title>\n<meta name=\"description\" content=\"Pri dedine Hrabu\u0161ice, v rekrea\u010dnej oblasti Podlesok sme vybudovali \u00fatuln\u00fd penzi\u00f3n, obklopen\u00fd pasienkami a roklinami Slovensk\u00e9ho Raja.\" \/>\n<meta name=\"robots\" content=\"index, follow, max-snippet:-1, max-image-preview:large, max-video-preview:-1\" \/>\n<link rel=\"canonical\" href=\"https:\/\/malymajerpodlesok.sk\/en\/about\/\" \/>\n<meta property=\"og:locale\" content=\"en_US\" \/>\n<meta property=\"og:type\" content=\"article\" \/>\n<meta property=\"og:title\" content=\"O n\u00e1s - Rodinn\u00fd penzi\u00f3n Mal\u00fd Majer Podlesok \u00ae Hrabu\u0161ice\" \/>\n<meta property=\"og:description\" content=\"Pri dedine Hrabu\u0161ice, v rekrea\u010dnej oblasti Podlesok sme vybudovali \u00fatuln\u00fd penzi\u00f3n, obklopen\u00fd pasienkami a roklinami Slovensk\u00e9ho Raja.\" \/>\n<meta property=\"og:url\" content=\"https:\/\/malymajerpodlesok.sk\/en\/about\/\" \/>\n<meta property=\"og:site_name\" content=\"Penzi\u00f3n Mal\u00fd Majer Podlesok \u00ae\" \/>\n<meta property=\"article:publisher\" content=\"https:\/\/www.facebook.com\/malymajerpodlesok\" \/>\n<meta property=\"article:modified_time\" content=\"2025-01-27T15:26:23+00:00\" \/>\n<meta property=\"og:image\" content=\"https:\/\/malymajerpodlesok.sk\/wp-content\/uploads\/2025\/01\/maly-majer-podlesok-og-image2.png\" \/>\n\t<meta property=\"og:image:width\" content=\"1200\" \/>\n\t<meta property=\"og:image:height\" content=\"675\" \/>\n\t<meta property=\"og:image:type\" content=\"image\/png\" \/>\n<meta name=\"twitter:card\" content=\"summary_large_image\" \/>\n<meta name=\"twitter:label1\" content=\"Est. reading time\" \/>\n\t<meta name=\"twitter:data1\" content=\"3 minutes\" \/>\n<script type=\"application\/ld+json\" class=\"yoast-schema-graph\">{\"@context\":\"https:\/\/schema.org\",\"@graph\":[{\"@type\":\"WebPage\",\"@id\":\"https:\/\/malymajerpodlesok.sk\/en\/about\/\",\"url\":\"https:\/\/malymajerpodlesok.sk\/en\/about\/\",\"name\":\"O n\u00e1s - Rodinn\u00fd penzi\u00f3n Mal\u00fd Majer Podlesok \u00ae Hrabu\u0161ice\",\"isPartOf\":{\"@id\":\"https:\/\/majer.coskoro.online\/#website\"},\"primaryImageOfPage\":{\"@id\":\"https:\/\/malymajerpodlesok.sk\/en\/about\/#primaryimage\"},\"image\":{\"@id\":\"https:\/\/malymajerpodlesok.sk\/en\/about\/#primaryimage\"},\"thumbnailUrl\":\"https:\/\/malymajerpodlesok.sk\/wp-content\/uploads\/2025\/01\/penzion-maly-majer-podlesok-ubytovanie-slovensky-raj-galeria-22.jpg\",\"datePublished\":\"2024-12-05T16:17:43+00:00\",\"dateModified\":\"2025-01-27T15:26:23+00:00\",\"description\":\"Pri dedine Hrabu\u0161ice, v rekrea\u010dnej oblasti Podlesok sme vybudovali \u00fatuln\u00fd penzi\u00f3n, obklopen\u00fd pasienkami a roklinami Slovensk\u00e9ho Raja.\",\"breadcrumb\":{\"@id\":\"https:\/\/malymajerpodlesok.sk\/en\/about\/#breadcrumb\"},\"inLanguage\":\"en-US\",\"potentialAction\":[{\"@type\":\"ReadAction\",\"target\":[\"https:\/\/malymajerpodlesok.sk\/en\/about\/\"]}]},{\"@type\":\"ImageObject\",\"inLanguage\":\"en-US\",\"@id\":\"https:\/\/malymajerpodlesok.sk\/en\/about\/#primaryimage\",\"url\":\"https:\/\/malymajerpodlesok.sk\/wp-content\/uploads\/2025\/01\/penzion-maly-majer-podlesok-ubytovanie-slovensky-raj-galeria-22.jpg\",\"contentUrl\":\"https:\/\/malymajerpodlesok.sk\/wp-content\/uploads\/2025\/01\/penzion-maly-majer-podlesok-ubytovanie-slovensky-raj-galeria-22.jpg\",\"width\":931,\"height\":475},{\"@type\":\"BreadcrumbList\",\"@id\":\"https:\/\/malymajerpodlesok.sk\/en\/about\/#breadcrumb\",\"itemListElement\":[{\"@type\":\"ListItem\",\"position\":1,\"name\":\"Home\",\"item\":\"https:\/\/malymajerpodlesok.sk\/en\/\"},{\"@type\":\"ListItem\",\"position\":2,\"name\":\"About\"}]},{\"@type\":\"WebSite\",\"@id\":\"https:\/\/majer.coskoro.online\/#website\",\"url\":\"https:\/\/majer.coskoro.online\/\",\"name\":\"Penzi\u00f3n Mal\u00fd Majer Podlesok \u00ae\",\"description\":\"\",\"publisher\":{\"@id\":\"https:\/\/majer.coskoro.online\/#organization\"},\"potentialAction\":[{\"@type\":\"SearchAction\",\"target\":{\"@type\":\"EntryPoint\",\"urlTemplate\":\"https:\/\/majer.coskoro.online\/?s={search_term_string}\"},\"query-input\":{\"@type\":\"PropertyValueSpecification\",\"valueRequired\":true,\"valueName\":\"search_term_string\"}}],\"inLanguage\":\"en-US\"},{\"@type\":\"Organization\",\"@id\":\"https:\/\/majer.coskoro.online\/#organization\",\"name\":\"Penzi\u00f3n Mal\u00fd Majer Podlesok \u00ae\",\"url\":\"https:\/\/majer.coskoro.online\/\",\"logo\":{\"@type\":\"ImageObject\",\"inLanguage\":\"en-US\",\"@id\":\"https:\/\/majer.coskoro.online\/#\/schema\/logo\/image\/\",\"url\":\"https:\/\/malymajerpodlesok.sk\/wp-content\/uploads\/2024\/12\/maly-majer-podlesok-penzion-logo.svg\",\"contentUrl\":\"https:\/\/malymajerpodlesok.sk\/wp-content\/uploads\/2024\/12\/maly-majer-podlesok-penzion-logo.svg\",\"width\":388,\"height\":100,\"caption\":\"Penzi\u00f3n Mal\u00fd Majer Podlesok \u00ae\"},\"image\":{\"@id\":\"https:\/\/majer.coskoro.online\/#\/schema\/logo\/image\/\"},\"sameAs\":[\"https:\/\/www.facebook.com\/malymajerpodlesok\",\"https:\/\/www.instagram.com\/maly.majer\/\"]}]}<\/script>\n<!-- \/ Yoast SEO plugin. -->","yoast_head_json":{"title":"O n\u00e1s - Rodinn\u00fd penzi\u00f3n Mal\u00fd Majer Podlesok \u00ae Hrabu\u0161ice","description":"Pri dedine Hrabu\u0161ice, v rekrea\u010dnej oblasti Podlesok sme vybudovali \u00fatuln\u00fd penzi\u00f3n, obklopen\u00fd pasienkami a roklinami Slovensk\u00e9ho Raja.","robots":{"index":"index","follow":"follow","max-snippet":"max-snippet:-1","max-image-preview":"max-image-preview:large","max-video-preview":"max-video-preview:-1"},"canonical":"https:\/\/malymajerpodlesok.sk\/en\/about\/","og_locale":"en_US","og_type":"article","og_title":"O n\u00e1s - Rodinn\u00fd penzi\u00f3n Mal\u00fd Majer Podlesok \u00ae Hrabu\u0161ice","og_description":"Pri dedine Hrabu\u0161ice, v rekrea\u010dnej oblasti Podlesok sme vybudovali \u00fatuln\u00fd penzi\u00f3n, obklopen\u00fd pasienkami a roklinami Slovensk\u00e9ho Raja.","og_url":"https:\/\/malymajerpodlesok.sk\/en\/about\/","og_site_name":"Penzi\u00f3n Mal\u00fd Majer Podlesok \u00ae","article_publisher":"https:\/\/www.facebook.com\/malymajerpodlesok","article_modified_time":"2025-01-27T15:26:23+00:00","og_image":[{"width":1200,"height":675,"url":"https:\/\/malymajerpodlesok.sk\/wp-content\/uploads\/2025\/01\/maly-majer-podlesok-og-image2.png","type":"image\/png"}],"twitter_card":"summary_large_image","twitter_misc":{"Est. reading time":"3 minutes"},"schema":{"@context":"https:\/\/schema.org","@graph":[{"@type":"WebPage","@id":"https:\/\/malymajerpodlesok.sk\/en\/about\/","url":"https:\/\/malymajerpodlesok.sk\/en\/about\/","name":"O n\u00e1s - Rodinn\u00fd penzi\u00f3n Mal\u00fd Majer Podlesok \u00ae Hrabu\u0161ice","isPartOf":{"@id":"https:\/\/majer.coskoro.online\/#website"},"primaryImageOfPage":{"@id":"https:\/\/malymajerpodlesok.sk\/en\/about\/#primaryimage"},"image":{"@id":"https:\/\/malymajerpodlesok.sk\/en\/about\/#primaryimage"},"thumbnailUrl":"https:\/\/malymajerpodlesok.sk\/wp-content\/uploads\/2025\/01\/penzion-maly-majer-podlesok-ubytovanie-slovensky-raj-galeria-22.jpg","datePublished":"2024-12-05T16:17:43+00:00","dateModified":"2025-01-27T15:26:23+00:00","description":"Pri dedine Hrabu\u0161ice, v rekrea\u010dnej oblasti Podlesok sme vybudovali \u00fatuln\u00fd penzi\u00f3n, obklopen\u00fd pasienkami a roklinami Slovensk\u00e9ho Raja.","breadcrumb":{"@id":"https:\/\/malymajerpodlesok.sk\/en\/about\/#breadcrumb"},"inLanguage":"en-US","potentialAction":[{"@type":"ReadAction","target":["https:\/\/malymajerpodlesok.sk\/en\/about\/"]}]},{"@type":"ImageObject","inLanguage":"en-US","@id":"https:\/\/malymajerpodlesok.sk\/en\/about\/#primaryimage","url":"https:\/\/malymajerpodlesok.sk\/wp-content\/uploads\/2025\/01\/penzion-maly-majer-podlesok-ubytovanie-slovensky-raj-galeria-22.jpg","contentUrl":"https:\/\/malymajerpodlesok.sk\/wp-content\/uploads\/2025\/01\/penzion-maly-majer-podlesok-ubytovanie-slovensky-raj-galeria-22.jpg","width":931,"height":475},{"@type":"BreadcrumbList","@id":"https:\/\/malymajerpodlesok.sk\/en\/about\/#breadcrumb","itemListElement":[{"@type":"ListItem","position":1,"name":"Home","item":"https:\/\/malymajerpodlesok.sk\/en\/"},{"@type":"ListItem","position":2,"name":"About"}]},{"@type":"WebSite","@id":"https:\/\/majer.coskoro.online\/#website","url":"https:\/\/majer.coskoro.online\/","name":"Penzi\u00f3n Mal\u00fd Majer Podlesok \u00ae","description":"","publisher":{"@id":"https:\/\/majer.coskoro.online\/#organization"},"potentialAction":[{"@type":"SearchAction","target":{"@type":"EntryPoint","urlTemplate":"https:\/\/majer.coskoro.online\/?s={search_term_string}"},"query-input":{"@type":"PropertyValueSpecification","valueRequired":true,"valueName":"search_term_string"}}],"inLanguage":"en-US"},{"@type":"Organization","@id":"https:\/\/majer.coskoro.online\/#organization","name":"Penzi\u00f3n Mal\u00fd Majer Podlesok \u00ae","url":"https:\/\/majer.coskoro.online\/","logo":{"@type":"ImageObject","inLanguage":"en-US","@id":"https:\/\/majer.coskoro.online\/#\/schema\/logo\/image\/","url":"https:\/\/malymajerpodlesok.sk\/wp-content\/uploads\/2024\/12\/maly-majer-podlesok-penzion-logo.svg","contentUrl":"https:\/\/malymajerpodlesok.sk\/wp-content\/uploads\/2024\/12\/maly-majer-podlesok-penzion-logo.svg","width":388,"height":100,"caption":"Penzi\u00f3n Mal\u00fd Majer Podlesok \u00ae"},"image":{"@id":"https:\/\/majer.coskoro.online\/#\/schema\/logo\/image\/"},"sameAs":["https:\/\/www.facebook.com\/malymajerpodlesok","https:\/\/www.instagram.com\/maly.majer\/"]}]}},"_links":{"self":[{"href":"https:\/\/malymajerpodlesok.sk\/en\/wp-json\/wp\/v2\/pages\/3658","targetHints":{"allow":["GET"]}}],"collection":[{"href":"https:\/\/malymajerpodlesok.sk\/en\/wp-json\/wp\/v2\/pages"}],"about":[{"href":"https:\/\/malymajerpodlesok.sk\/en\/wp-json\/wp\/v2\/types\/page"}],"author":[{"embeddable":true,"href":"https:\/\/malymajerpodlesok.sk\/en\/wp-json\/wp\/v2\/users\/1"}],"replies":[{"embeddable":true,"href":"https:\/\/malymajerpodlesok.sk\/en\/wp-json\/wp\/v2\/comments?post=3658"}],"version-history":[{"count":0,"href":"https:\/\/malymajerpodlesok.sk\/en\/wp-json\/wp\/v2\/pages\/3658\/revisions"}],"wp:featuredmedia":[{"embeddable":true,"href":"https:\/\/malymajerpodlesok.sk\/en\/wp-json\/wp\/v2\/media\/3659"}],"wp:attachment":[{"href":"https:\/\/malymajerpodlesok.sk\/en\/wp-json\/wp\/v2\/media?parent=3658"}],"curies":[{"name":"wp","href":"https:\/\/api.w.org\/{rel}","templated":true}]}}