{"id":3667,"date":"2024-10-15T11:42:22","date_gmt":"2024-10-15T09:42:22","guid":{"rendered":"https:\/\/malymajerpodlesok.sk\/ochrana-osobnych-udajov\/"},"modified":"2025-01-27T16:24:44","modified_gmt":"2025-01-27T15:24:44","slug":"privacy-policy","status":"publish","type":"page","link":"https:\/\/malymajerpodlesok.sk\/en\/privacy-policy\/","title":{"rendered":"Privacy Policy"},"content":{"rendered":"\t\t<div data-elementor-type=\"wp-page\" data-elementor-id=\"3667\" class=\"elementor elementor-3667 elementor-3\" data-elementor-post-type=\"page\">\n\t\t\t\t<div class=\"elementor-element elementor-element-bb73a8c e-flex e-con-boxed e-con e-parent\" data-id=\"bb73a8c\" data-element_type=\"container\" data-e-type=\"container\" data-settings=\"{&quot;background_background&quot;:&quot;classic&quot;,&quot;shape_divider_bottom&quot;:&quot;book&quot;}\">\n\t\t\t\t\t<div class=\"e-con-inner\">\n\t\t\t\t<div class=\"elementor-shape elementor-shape-bottom\" aria-hidden=\"true\" data-negative=\"false\">\n\t\t\t<svg xmlns=\"http:\/\/www.w3.org\/2000\/svg\" viewBox=\"0 0 1000 100\" preserveAspectRatio=\"none\">\n\t<path class=\"elementor-shape-fill\" d=\"M194,99c186.7,0.7,305-78.3,306-97.2c1,18.9,119.3,97.9,306,97.2c114.3-0.3,194,0.3,194,0.3s0-91.7,0-100c0,0,0,0,0-0 L0,0v99.3C0,99.3,79.7,98.7,194,99z\"\/>\n<\/svg>\t\t<\/div>\n\t\t<div class=\"elementor-element elementor-element-1f635cb e-con-full e-flex e-con e-child\" data-id=\"1f635cb\" data-element_type=\"container\" data-e-type=\"container\">\n\t\t\t\t<div class=\"elementor-element elementor-element-8210864 elementor-widget elementor-widget-heading\" data-id=\"8210864\" data-element_type=\"widget\" data-e-type=\"widget\" data-widget_type=\"heading.default\">\n\t\t\t\t<div class=\"elementor-widget-container\">\n\t\t\t\t\t<h1 class=\"elementor-heading-title elementor-size-default\">Privacy Policy<\/h1>\t\t\t\t<\/div>\n\t\t\t\t<\/div>\n\t\t\t\t<\/div>\n\t\t\t\t\t<\/div>\n\t\t\t\t<\/div>\n\t\t<div class=\"elementor-element elementor-element-0e3861b e-flex e-con-boxed e-con e-parent\" data-id=\"0e3861b\" data-element_type=\"container\" data-e-type=\"container\">\n\t\t\t\t\t<div class=\"e-con-inner\">\n\t\t<div class=\"elementor-element elementor-element-cbd7869 e-con-full e-flex e-con e-child\" data-id=\"cbd7869\" data-element_type=\"container\" data-e-type=\"container\" data-settings=\"{&quot;background_background&quot;:&quot;classic&quot;,&quot;sticky&quot;:&quot;top&quot;,&quot;sticky_on&quot;:[&quot;desktop&quot;],&quot;sticky_offset&quot;:0,&quot;sticky_effects_offset&quot;:0,&quot;sticky_anchor_link_offset&quot;:0}\">\n\t\t\t\t<div class=\"elementor-element elementor-element-1ff20db elementor-widget elementor-widget-table-of-contents\" data-id=\"1ff20db\" data-element_type=\"widget\" data-e-type=\"widget\" data-settings=\"{&quot;exclude_headings_by_selector&quot;:[],&quot;no_headings_message&quot;:&quot;No headings were found on this page.&quot;,&quot;headings_by_tags&quot;:[&quot;h2&quot;,&quot;h3&quot;,&quot;h4&quot;,&quot;h5&quot;,&quot;h6&quot;],&quot;marker_view&quot;:&quot;numbers&quot;,&quot;hierarchical_view&quot;:&quot;yes&quot;,&quot;min_height&quot;:{&quot;unit&quot;:&quot;px&quot;,&quot;size&quot;:&quot;&quot;,&quot;sizes&quot;:[]},&quot;min_height_tablet&quot;:{&quot;unit&quot;:&quot;px&quot;,&quot;size&quot;:&quot;&quot;,&quot;sizes&quot;:[]},&quot;min_height_mobile&quot;:{&quot;unit&quot;:&quot;px&quot;,&quot;size&quot;:&quot;&quot;,&quot;sizes&quot;:[]}}\" data-widget_type=\"table-of-contents.default\">\n\t\t\t\t<div class=\"elementor-widget-container\">\n\t\t\t\t\t\t\t\t\t<div class=\"elementor-toc__header\">\n\t\t\t\t\t\t<h4 class=\"elementor-toc__header-title\">\n\t\t\t\tObsah\t\t\t<\/h4>\n\t\t\t\t\t\t\t\t<\/div>\n\t\t\t\t<div id=\"elementor-toc__1ff20db\" class=\"elementor-toc__body\">\n\t\t\t<div class=\"elementor-toc__spinner-container\">\n\t\t\t\t<svg class=\"elementor-toc__spinner eicon-animation-spin e-font-icon-svg e-eicon-loading\" aria-hidden=\"true\" viewBox=\"0 0 1000 1000\" xmlns=\"http:\/\/www.w3.org\/2000\/svg\"><path d=\"M500 975V858C696 858 858 696 858 500S696 142 500 142 142 304 142 500H25C25 237 238 25 500 25S975 237 975 500 763 975 500 975Z\"><\/path><\/svg>\t\t\t<\/div>\n\t\t<\/div>\n\t\t\t\t\t\t<\/div>\n\t\t\t\t<\/div>\n\t\t\t\t<\/div>\n\t\t<div class=\"elementor-element elementor-element-ab927cf e-con-full e-flex e-con e-child\" data-id=\"ab927cf\" data-element_type=\"container\" data-e-type=\"container\">\n\t\t\t\t<div class=\"elementor-element elementor-element-2808253 elementor-widget elementor-widget-heading\" data-id=\"2808253\" data-element_type=\"widget\" data-e-type=\"widget\" data-widget_type=\"heading.default\">\n\t\t\t\t<div class=\"elementor-widget-container\">\n\t\t\t\t\t<h2 class=\"elementor-heading-title elementor-size-default\">Pr\u00edchod a odchod klienta<\/h2>\t\t\t\t<\/div>\n\t\t\t\t<\/div>\n\t\t\t\t<div class=\"elementor-element elementor-element-17bfcf2 elementor-widget elementor-widget-text-editor\" data-id=\"17bfcf2\" data-element_type=\"widget\" data-e-type=\"widget\" data-widget_type=\"text-editor.default\">\n\t\t\t\t<div class=\"elementor-widget-container\">\n\t\t\t\t\t\t\t\t\t<ul><li>Pr\u00edchod na ubytovanie: od 14:00 do 17:00 v prv\u00fd de\u0148 pobytu.<\/li><li>Odchod z ubytovania: do 10:00 v posledn\u00fd de\u0148 pobytu.<\/li><li>Ubytovanie je povolen\u00e9 len osob\u00e1m uveden\u00fdm na ubytovacom poukaze. Pri pr\u00edchode vy\u0161\u0161ieho po\u010dtu os\u00f4b, ne\u017e je uveden\u00e9 na poukaze, nie je ubytovate\u013e povinn\u00fd ubytova\u0165 \u010fal\u0161ie osoby.<\/li><\/ul>\t\t\t\t\t\t\t\t<\/div>\n\t\t\t\t<\/div>\n\t\t\t\t<div class=\"elementor-element elementor-element-5b6726c elementor-widget elementor-widget-heading\" data-id=\"5b6726c\" data-element_type=\"widget\" data-e-type=\"widget\" data-widget_type=\"heading.default\">\n\t\t\t\t<div class=\"elementor-widget-container\">\n\t\t\t\t\t<h2 class=\"elementor-heading-title elementor-size-default\">Pr\u00edchod a odchod klienta<\/h2>\t\t\t\t<\/div>\n\t\t\t\t<\/div>\n\t\t\t\t<div class=\"elementor-element elementor-element-908389b elementor-widget elementor-widget-text-editor\" data-id=\"908389b\" data-element_type=\"widget\" data-e-type=\"widget\" data-widget_type=\"text-editor.default\">\n\t\t\t\t<div class=\"elementor-widget-container\">\n\t\t\t\t\t\t\t\t\t<ul><li><strong>Sez\u00f3na:<\/strong> 1. m\u00e1j \u2013 30. september<\/li><li><strong>Mimosez\u00f3na:<\/strong> 1. okt\u00f3ber \u2013 30. apr\u00edl<\/li><li><strong>TOP sez\u00f3na:<\/strong> 22. december \u2013 1. janu\u00e1r<\/li><\/ul>\t\t\t\t\t\t\t\t<\/div>\n\t\t\t\t<\/div>\n\t\t\t\t<div class=\"elementor-element elementor-element-7bf3476 elementor-widget elementor-widget-heading\" data-id=\"7bf3476\" data-element_type=\"widget\" data-e-type=\"widget\" data-widget_type=\"heading.default\">\n\t\t\t\t<div class=\"elementor-widget-container\">\n\t\t\t\t\t<h2 class=\"elementor-heading-title elementor-size-default\">Obmedzenia<\/h2>\t\t\t\t<\/div>\n\t\t\t\t<\/div>\n\t\t\t\t<div class=\"elementor-element elementor-element-173e87f elementor-widget elementor-widget-text-editor\" data-id=\"173e87f\" data-element_type=\"widget\" data-e-type=\"widget\" data-widget_type=\"text-editor.default\">\n\t\t\t\t<div class=\"elementor-widget-container\">\n\t\t\t\t\t\t\t\t\t<ul><li>Vstup so zvieratami do zariadenia je zak\u00e1zan\u00fd.<\/li><li>Minim\u00e1lna d\u013a\u017eka pobytu s\u00fa 2 noci.<\/li><\/ul>\t\t\t\t\t\t\t\t<\/div>\n\t\t\t\t<\/div>\n\t\t\t\t<div class=\"elementor-element elementor-element-be9ca9a elementor-widget elementor-widget-heading\" data-id=\"be9ca9a\" data-element_type=\"widget\" data-e-type=\"widget\" data-widget_type=\"heading.default\">\n\t\t\t\t<div class=\"elementor-widget-container\">\n\t\t\t\t\t<h2 class=\"elementor-heading-title elementor-size-default\">Rezerv\u00e1cia<\/h2>\t\t\t\t<\/div>\n\t\t\t\t<\/div>\n\t\t\t\t<div class=\"elementor-element elementor-element-daed64e elementor-widget elementor-widget-text-editor\" data-id=\"daed64e\" data-element_type=\"widget\" data-e-type=\"widget\" data-widget_type=\"text-editor.default\">\n\t\t\t\t<div class=\"elementor-widget-container\">\n\t\t\t\t\t\t\t\t\t<p>Rezerv\u00e1ciu je mo\u017en\u00e9 vykona\u0165:<\/p><ul><li>telefonicky: +421 907 289 262<\/li><li>cez web: <a href=\"http:\/\/malymajerpodlesok.sk\" target=\"_new\" rel=\"noopener\">malymajerpodlesok.sk<\/a><\/li><li>e-mailom: <a rel=\"noopener\">info@podlesok.com<\/a><\/li><\/ul><p><br \/>Potvrdenie rezerv\u00e1cie je zasielan\u00e9 e-mailom.<\/p><p>Platba za pobyt mus\u00ed by\u0165 vykonan\u00e1 do 7 kalend\u00e1rnych dn\u00ed od doru\u010denia e-mailu. Po \u00fahrade ubytovate\u013e vystav\u00ed fakt\u00faru. Ak klient neuhrad\u00ed pobyt do 7 dn\u00ed, rezerv\u00e1cia automaticky prepadne.<\/p>\t\t\t\t\t\t\t\t<\/div>\n\t\t\t\t<\/div>\n\t\t\t\t<div class=\"elementor-element elementor-element-8ea441d elementor-widget elementor-widget-text-editor\" data-id=\"8ea441d\" data-element_type=\"widget\" data-e-type=\"widget\" data-widget_type=\"text-editor.default\">\n\t\t\t\t<div class=\"elementor-widget-container\">\n\t\t\t\t\t\t\t\t\t<p>\u010c\u00edslo \u00fa\u010dtu:<\/p><p><strong>IBAN:<\/strong> SK72 3100 0000 0043 9000 8005<\/p><p><strong>SWIFT\/BIC:<\/strong> KOMASK2X<\/p><p><strong>VS\/variabiln\u00fd symbol:<\/strong> \u010d\u00edslo rezerv\u00e1cie<\/p><p>Platba sa vykon\u00e1va bezhotovostne po dohode s ubytovate\u013eom alebo najnesk\u00f4r pri pr\u00edchode.<\/p>\t\t\t\t\t\t\t\t<\/div>\n\t\t\t\t<\/div>\n\t\t\t\t<div class=\"elementor-element elementor-element-3e93ead elementor-widget elementor-widget-heading\" data-id=\"3e93ead\" data-element_type=\"widget\" data-e-type=\"widget\" data-widget_type=\"heading.default\">\n\t\t\t\t<div class=\"elementor-widget-container\">\n\t\t\t\t\t<h2 class=\"elementor-heading-title elementor-size-default\">Storno poplatky<\/h2>\t\t\t\t<\/div>\n\t\t\t\t<\/div>\n\t\t\t\t<div class=\"elementor-element elementor-element-a30b102 elementor-widget elementor-widget-text-editor\" data-id=\"a30b102\" data-element_type=\"widget\" data-e-type=\"widget\" data-widget_type=\"text-editor.default\">\n\t\t\t\t<div class=\"elementor-widget-container\">\n\t\t\t\t\t\t\t\t\t<p>Klient m\u00f4\u017ee kedyko\u013evek zru\u0161i\u0165 alebo zmeni\u0165 pobyt. Poplatky:<\/p><ul><li><strong>Do 21 dn\u00ed pred n\u00e1stupom:<\/strong> bez poplatku.<\/li><li><strong>20\u201314 dn\u00ed pred n\u00e1stupom:<\/strong> 25 % z celkovej ceny.<\/li><li><strong>13\u20137 dn\u00ed pred n\u00e1stupom:<\/strong> 50 % z celkovej ceny.<\/li><li><strong>Menej ako 6 dn\u00ed pred n\u00e1stupom:<\/strong> 100 % z celkovej ceny.<\/li><\/ul>\t\t\t\t\t\t\t\t<\/div>\n\t\t\t\t<\/div>\n\t\t\t\t<div class=\"elementor-element elementor-element-1707151 elementor-widget elementor-widget-heading\" data-id=\"1707151\" data-element_type=\"widget\" data-e-type=\"widget\" data-widget_type=\"heading.default\">\n\t\t\t\t<div class=\"elementor-widget-container\">\n\t\t\t\t\t<h2 class=\"elementor-heading-title elementor-size-default\">Storno poplatky<\/h2>\t\t\t\t<\/div>\n\t\t\t\t<\/div>\n\t\t\t\t<div class=\"elementor-element elementor-element-7038338 elementor-widget elementor-widget-text-editor\" data-id=\"7038338\" data-element_type=\"widget\" data-e-type=\"widget\" data-widget_type=\"text-editor.default\">\n\t\t\t\t<div class=\"elementor-widget-container\">\n\t\t\t\t\t\t\t\t\t<ul><li>Pri pr\u00edchode je klient povinn\u00fd predlo\u017ei\u0165 doklad toto\u017enosti a uhradi\u0165 rozdiel ceny za pobyt (ak je potrebn\u00e9).<\/li><li>Klient obdr\u017e\u00ed k\u013e\u00fa\u010d od izby.<\/li><li>Klient nesmie bez s\u00fahlasu premiest\u0148ova\u0165 zariadenie, upravova\u0165 interi\u00e9r alebo zasahova\u0165 do elektrickej siete.<\/li><li>Pou\u017e\u00edvanie vlastn\u00fdch elektrick\u00fdch zariaden\u00ed (okrem holiaceho stroj\u010deka, f\u00e9na a elektrickej kefky) je zak\u00e1zan\u00e9.<\/li><li>\u0160portov\u00e9 n\u00e1\u010dinie je zak\u00e1zan\u00e9 bra\u0165 na izbu; je pre\u0148 vyhraden\u00e9 miesto.<\/li><li>No\u010dn\u00fd pokoj: od 22:00 do 6:00.<\/li><\/ul>\t\t\t\t\t\t\t\t<\/div>\n\t\t\t\t<\/div>\n\t\t\t\t<div class=\"elementor-element elementor-element-d7e6d96 elementor-widget elementor-widget-heading\" data-id=\"d7e6d96\" data-element_type=\"widget\" data-e-type=\"widget\" data-widget_type=\"heading.default\">\n\t\t\t\t<div class=\"elementor-widget-container\">\n\t\t\t\t\t<h2 class=\"elementor-heading-title elementor-size-default\">Zodpovednos\u0165 zariadenia a klienta\n<\/h2>\t\t\t\t<\/div>\n\t\t\t\t<\/div>\n\t\t\t\t<div class=\"elementor-element elementor-element-a4670e0 elementor-widget elementor-widget-text-editor\" data-id=\"a4670e0\" data-element_type=\"widget\" data-e-type=\"widget\" data-widget_type=\"text-editor.default\">\n\t\t\t\t<div class=\"elementor-widget-container\">\n\t\t\t\t\t\t\t\t\t<ul><li>Za cennosti zodpoved\u00e1 zariadenie len v pr\u00edpade, \u017ee boli ulo\u017een\u00e9 do \u00faschovy na z\u00e1klade potvrdenia.<\/li><li>Reklam\u00e1cie je mo\u017en\u00e9 poda\u0165 do 30 dn\u00ed od ukon\u010denia pobytu.<\/li><li>V pr\u00edpade reklam\u00e1cie je majite\u013e povinn\u00fd ihne\u010f pos\u00fadi\u0165 probl\u00e9m alebo sp\u00edsa\u0165 z\u00e1znam. Reklam\u00e1cia sa rie\u0161i do 30 dn\u00ed.<\/li><\/ul>\t\t\t\t\t\t\t\t<\/div>\n\t\t\t\t<\/div>\n\t\t\t\t<div class=\"elementor-element elementor-element-941957c elementor-widget elementor-widget-heading\" data-id=\"941957c\" data-element_type=\"widget\" data-e-type=\"widget\" data-widget_type=\"heading.default\">\n\t\t\t\t<div class=\"elementor-widget-container\">\n\t\t\t\t\t<h2 class=\"elementor-heading-title elementor-size-default\">Prev\u00e1dzkov\u00fd poriadok\n<\/h2>\t\t\t\t<\/div>\n\t\t\t\t<\/div>\n\t\t\t\t<div class=\"elementor-element elementor-element-d32211c elementor-widget elementor-widget-text-editor\" data-id=\"d32211c\" data-element_type=\"widget\" data-e-type=\"widget\" data-widget_type=\"text-editor.default\">\n\t\t\t\t<div class=\"elementor-widget-container\">\n\t\t\t\t\t\t\t\t\t<p>k\u00fape\u013e\u0148a s WC, sprcha, TV, SAT, Wi-Fi, chladni\u010dka, varn\u00e1 kanvica.<\/p><p>Voda poch\u00e1dza zo studne.<\/p><p><strong>Kateg\u00f3ria:<\/strong> ***<\/p><p>Ubytovacie zariadenie m\u00e1 kapacitu 15 pevn\u00fdch l\u00f4\u017eok a 2 pr\u00edstelky v 5 izb\u00e1ch.<br \/><strong>Vybavenie:<\/strong><\/p><p>Hygiena a \u010distota s\u00fa zabezpe\u010den\u00e9 pod\u013ea platn\u00fdch predpisov.<\/p>\t\t\t\t\t\t\t\t<\/div>\n\t\t\t\t<\/div>\n\t\t\t\t<div class=\"elementor-element elementor-element-3f3866f elementor-widget elementor-widget-text-editor\" data-id=\"3f3866f\" data-element_type=\"widget\" data-e-type=\"widget\" data-widget_type=\"text-editor.default\">\n\t\t\t\t<div class=\"elementor-widget-container\">\n\t\t\t\t\t\t\t\t\t<p>Ak potrebujete \u010fal\u0161ie inform\u00e1cie, kontaktujte e-mailom na <strong><a rel=\"noopener\">info@podlesok.com<\/a><\/strong> alebo telefonicky na <strong>+421 907 289 262<\/strong>.<\/p>\t\t\t\t\t\t\t\t<\/div>\n\t\t\t\t<\/div>\n\t\t\t\t<\/div>\n\t\t\t\t\t<\/div>\n\t\t\t\t<\/div>\n\t\t\t\t<\/div>\n\t\t","protected":false},"excerpt":{"rendered":"<p>Obsah &nbsp; Pr\u00edchod a odchod klienta Pr\u00edchod na ubytovanie: od 14:00 do 17:00 v prv\u00fd de\u0148 pobytu. Odchod z ubytovania: do 10:00 v posledn\u00fd de\u0148 pobytu. Ubytovanie je povolen\u00e9 len osob\u00e1m uveden\u00fdm na ubytovacom poukaze. Pri pr\u00edchode vy\u0161\u0161ieho po\u010dtu os\u00f4b, ne\u017e je uveden\u00e9 na poukaze, nie je ubytovate\u013e povinn\u00fd ubytova\u0165 \u010fal\u0161ie osoby. Pr\u00edchod a odchod [&hellip;]<\/p>\n","protected":false},"author":1,"featured_media":0,"parent":0,"menu_order":0,"comment_status":"closed","ping_status":"closed","template":"elementor_header_footer","meta":{"_acf_changed":false,"footnotes":""},"class_list":["post-3667","page","type-page","status-publish","hentry"],"acf":[],"yoast_head":"<!-- This site is optimized with the Yoast SEO plugin v26.9 - https:\/\/yoast.com\/product\/yoast-seo-wordpress\/ -->\n<title>Privacy Policy - Penzi\u00f3n Mal\u00fd Majer Podlesok \u00ae<\/title>\n<meta name=\"robots\" content=\"noindex, follow\" \/>\n<meta property=\"og:locale\" content=\"en_US\" \/>\n<meta property=\"og:type\" content=\"article\" \/>\n<meta property=\"og:title\" content=\"Privacy Policy - Penzi\u00f3n Mal\u00fd Majer Podlesok \u00ae\" \/>\n<meta property=\"og:description\" content=\"Obsah &nbsp; Pr\u00edchod a odchod klienta Pr\u00edchod na ubytovanie: od 14:00 do 17:00 v prv\u00fd de\u0148 pobytu. Odchod z ubytovania: do 10:00 v posledn\u00fd de\u0148 pobytu. Ubytovanie je povolen\u00e9 len osob\u00e1m uveden\u00fdm na ubytovacom poukaze. Pri pr\u00edchode vy\u0161\u0161ieho po\u010dtu os\u00f4b, ne\u017e je uveden\u00e9 na poukaze, nie je ubytovate\u013e povinn\u00fd ubytova\u0165 \u010fal\u0161ie osoby. Pr\u00edchod a odchod [&hellip;]\" \/>\n<meta property=\"og:url\" content=\"https:\/\/malymajerpodlesok.sk\/en\/privacy-policy\/\" \/>\n<meta property=\"og:site_name\" content=\"Penzi\u00f3n Mal\u00fd Majer Podlesok \u00ae\" \/>\n<meta property=\"article:publisher\" content=\"https:\/\/www.facebook.com\/malymajerpodlesok\" \/>\n<meta property=\"article:modified_time\" content=\"2025-01-27T15:24:44+00:00\" \/>\n<meta name=\"twitter:card\" content=\"summary_large_image\" \/>\n<meta name=\"twitter:label1\" content=\"Est. reading time\" \/>\n\t<meta name=\"twitter:data1\" content=\"2 minutes\" \/>\n<script type=\"application\/ld+json\" class=\"yoast-schema-graph\">{\"@context\":\"https:\/\/schema.org\",\"@graph\":[{\"@type\":\"WebPage\",\"@id\":\"https:\/\/malymajerpodlesok.sk\/en\/privacy-policy\/\",\"url\":\"https:\/\/malymajerpodlesok.sk\/en\/privacy-policy\/\",\"name\":\"Privacy Policy - Penzi\u00f3n Mal\u00fd Majer Podlesok \u00ae\",\"isPartOf\":{\"@id\":\"https:\/\/majer.coskoro.online\/#website\"},\"datePublished\":\"2024-10-15T09:42:22+00:00\",\"dateModified\":\"2025-01-27T15:24:44+00:00\",\"breadcrumb\":{\"@id\":\"https:\/\/malymajerpodlesok.sk\/en\/privacy-policy\/#breadcrumb\"},\"inLanguage\":\"en-US\",\"potentialAction\":[{\"@type\":\"ReadAction\",\"target\":[\"https:\/\/malymajerpodlesok.sk\/en\/privacy-policy\/\"]}]},{\"@type\":\"BreadcrumbList\",\"@id\":\"https:\/\/malymajerpodlesok.sk\/en\/privacy-policy\/#breadcrumb\",\"itemListElement\":[{\"@type\":\"ListItem\",\"position\":1,\"name\":\"Home\",\"item\":\"https:\/\/malymajerpodlesok.sk\/en\/\"},{\"@type\":\"ListItem\",\"position\":2,\"name\":\"Privacy Policy\"}]},{\"@type\":\"WebSite\",\"@id\":\"https:\/\/majer.coskoro.online\/#website\",\"url\":\"https:\/\/majer.coskoro.online\/\",\"name\":\"Penzi\u00f3n Mal\u00fd Majer Podlesok \u00ae\",\"description\":\"\",\"publisher\":{\"@id\":\"https:\/\/majer.coskoro.online\/#organization\"},\"potentialAction\":[{\"@type\":\"SearchAction\",\"target\":{\"@type\":\"EntryPoint\",\"urlTemplate\":\"https:\/\/majer.coskoro.online\/?s={search_term_string}\"},\"query-input\":{\"@type\":\"PropertyValueSpecification\",\"valueRequired\":true,\"valueName\":\"search_term_string\"}}],\"inLanguage\":\"en-US\"},{\"@type\":\"Organization\",\"@id\":\"https:\/\/majer.coskoro.online\/#organization\",\"name\":\"Penzi\u00f3n Mal\u00fd Majer Podlesok \u00ae\",\"url\":\"https:\/\/majer.coskoro.online\/\",\"logo\":{\"@type\":\"ImageObject\",\"inLanguage\":\"en-US\",\"@id\":\"https:\/\/majer.coskoro.online\/#\/schema\/logo\/image\/\",\"url\":\"https:\/\/malymajerpodlesok.sk\/wp-content\/uploads\/2024\/12\/maly-majer-podlesok-penzion-logo.svg\",\"contentUrl\":\"https:\/\/malymajerpodlesok.sk\/wp-content\/uploads\/2024\/12\/maly-majer-podlesok-penzion-logo.svg\",\"width\":388,\"height\":100,\"caption\":\"Penzi\u00f3n Mal\u00fd Majer Podlesok \u00ae\"},\"image\":{\"@id\":\"https:\/\/majer.coskoro.online\/#\/schema\/logo\/image\/\"},\"sameAs\":[\"https:\/\/www.facebook.com\/malymajerpodlesok\",\"https:\/\/www.instagram.com\/maly.majer\/\"]}]}<\/script>\n<!-- \/ Yoast SEO plugin. -->","yoast_head_json":{"title":"Privacy Policy - Penzi\u00f3n Mal\u00fd Majer Podlesok \u00ae","robots":{"index":"noindex","follow":"follow"},"og_locale":"en_US","og_type":"article","og_title":"Privacy Policy - Penzi\u00f3n Mal\u00fd Majer Podlesok \u00ae","og_description":"Obsah &nbsp; Pr\u00edchod a odchod klienta Pr\u00edchod na ubytovanie: od 14:00 do 17:00 v prv\u00fd de\u0148 pobytu. Odchod z ubytovania: do 10:00 v posledn\u00fd de\u0148 pobytu. Ubytovanie je povolen\u00e9 len osob\u00e1m uveden\u00fdm na ubytovacom poukaze. Pri pr\u00edchode vy\u0161\u0161ieho po\u010dtu os\u00f4b, ne\u017e je uveden\u00e9 na poukaze, nie je ubytovate\u013e povinn\u00fd ubytova\u0165 \u010fal\u0161ie osoby. Pr\u00edchod a odchod [&hellip;]","og_url":"https:\/\/malymajerpodlesok.sk\/en\/privacy-policy\/","og_site_name":"Penzi\u00f3n Mal\u00fd Majer Podlesok \u00ae","article_publisher":"https:\/\/www.facebook.com\/malymajerpodlesok","article_modified_time":"2025-01-27T15:24:44+00:00","twitter_card":"summary_large_image","twitter_misc":{"Est. reading time":"2 minutes"},"schema":{"@context":"https:\/\/schema.org","@graph":[{"@type":"WebPage","@id":"https:\/\/malymajerpodlesok.sk\/en\/privacy-policy\/","url":"https:\/\/malymajerpodlesok.sk\/en\/privacy-policy\/","name":"Privacy Policy - Penzi\u00f3n Mal\u00fd Majer Podlesok \u00ae","isPartOf":{"@id":"https:\/\/majer.coskoro.online\/#website"},"datePublished":"2024-10-15T09:42:22+00:00","dateModified":"2025-01-27T15:24:44+00:00","breadcrumb":{"@id":"https:\/\/malymajerpodlesok.sk\/en\/privacy-policy\/#breadcrumb"},"inLanguage":"en-US","potentialAction":[{"@type":"ReadAction","target":["https:\/\/malymajerpodlesok.sk\/en\/privacy-policy\/"]}]},{"@type":"BreadcrumbList","@id":"https:\/\/malymajerpodlesok.sk\/en\/privacy-policy\/#breadcrumb","itemListElement":[{"@type":"ListItem","position":1,"name":"Home","item":"https:\/\/malymajerpodlesok.sk\/en\/"},{"@type":"ListItem","position":2,"name":"Privacy Policy"}]},{"@type":"WebSite","@id":"https:\/\/majer.coskoro.online\/#website","url":"https:\/\/majer.coskoro.online\/","name":"Penzi\u00f3n Mal\u00fd Majer Podlesok \u00ae","description":"","publisher":{"@id":"https:\/\/majer.coskoro.online\/#organization"},"potentialAction":[{"@type":"SearchAction","target":{"@type":"EntryPoint","urlTemplate":"https:\/\/majer.coskoro.online\/?s={search_term_string}"},"query-input":{"@type":"PropertyValueSpecification","valueRequired":true,"valueName":"search_term_string"}}],"inLanguage":"en-US"},{"@type":"Organization","@id":"https:\/\/majer.coskoro.online\/#organization","name":"Penzi\u00f3n Mal\u00fd Majer Podlesok \u00ae","url":"https:\/\/majer.coskoro.online\/","logo":{"@type":"ImageObject","inLanguage":"en-US","@id":"https:\/\/majer.coskoro.online\/#\/schema\/logo\/image\/","url":"https:\/\/malymajerpodlesok.sk\/wp-content\/uploads\/2024\/12\/maly-majer-podlesok-penzion-logo.svg","contentUrl":"https:\/\/malymajerpodlesok.sk\/wp-content\/uploads\/2024\/12\/maly-majer-podlesok-penzion-logo.svg","width":388,"height":100,"caption":"Penzi\u00f3n Mal\u00fd Majer Podlesok \u00ae"},"image":{"@id":"https:\/\/majer.coskoro.online\/#\/schema\/logo\/image\/"},"sameAs":["https:\/\/www.facebook.com\/malymajerpodlesok","https:\/\/www.instagram.com\/maly.majer\/"]}]}},"_links":{"self":[{"href":"https:\/\/malymajerpodlesok.sk\/en\/wp-json\/wp\/v2\/pages\/3667","targetHints":{"allow":["GET"]}}],"collection":[{"href":"https:\/\/malymajerpodlesok.sk\/en\/wp-json\/wp\/v2\/pages"}],"about":[{"href":"https:\/\/malymajerpodlesok.sk\/en\/wp-json\/wp\/v2\/types\/page"}],"author":[{"embeddable":true,"href":"https:\/\/malymajerpodlesok.sk\/en\/wp-json\/wp\/v2\/users\/1"}],"replies":[{"embeddable":true,"href":"https:\/\/malymajerpodlesok.sk\/en\/wp-json\/wp\/v2\/comments?post=3667"}],"version-history":[{"count":0,"href":"https:\/\/malymajerpodlesok.sk\/en\/wp-json\/wp\/v2\/pages\/3667\/revisions"}],"wp:attachment":[{"href":"https:\/\/malymajerpodlesok.sk\/en\/wp-json\/wp\/v2\/media?parent=3667"}],"curies":[{"name":"wp","href":"https:\/\/api.w.org\/{rel}","templated":true}]}}